{"id":108,"date":"2012-08-13T07:23:51","date_gmt":"2012-08-13T07:23:51","guid":{"rendered":"https:\/\/dascomachine.com.au\/?page_id=108"},"modified":"2012-08-13T08:09:03","modified_gmt":"2012-08-13T08:09:03","slug":"ws-smaller","status":"publish","type":"page","link":"https:\/\/dascomachine.com.au\/?page_id=108","title":{"rendered":"WS Smaller"},"content":{"rendered":"<p><a href=\"https:\/\/dascomachine.com.au\/wp-content\/uploads\/Ws-smaller-details.pdf\"><img loading=\"lazy\" decoding=\"async\" class=\"size-full wp-image-112 alignleft\" title=\"WSsmaller\" src=\"https:\/\/dascomachine.com.au\/wp-content\/uploads\/WSsmaller.jpg\" alt=\"\" width=\"202\" height=\"242\" \/><\/a><\/p>\n<p><strong>WS Smaller\u00a0 from \u00d8<\/strong> <strong>22 mm<\/strong> <strong>to<\/strong> <strong>\u00d8 70 mm<\/strong><strong>\u00a0<\/strong><\/p>\n<h3><a href=\"https:\/\/dascomachine.com.au\/wp-content\/uploads\/Ws-smaller-details.pdf\" target=\"_blank\"><span><span style=\"color: #ff0000;\">Click here for PDF\u00a0Specification\u00a0Sheet<\/span><\/span><\/a><\/h3>\n<table width=\"99%\" border=\"1\" cellspacing=\"10\" cellpadding=\"10\">\n<tbody>\n<tr>\n<td width=\"42%\">IN LINE BORING ALSO IN BLIND HOLES :<\/td>\n<td width=\"36%\">FROM <strong>\u00d8 22 MM<\/strong> TO MORE THAN <strong>\u00d8 70 MM<\/strong><\/td>\n<\/tr>\n<tr>\n<td width=\"42%\">INTERNAL WELDING ALSO IN BLIND HOLES <strong><em><\/em><\/strong><\/td>\n<td width=\"36%\">FROM <strong>\u00d8 25 MM<\/strong> TO MORE THAN <strong>\u00d8 400 MM<\/strong><\/td>\n<\/tr>\n<tr>\n<td width=\"42%\">EXTERNAL WELDING<\/td>\n<td width=\"36%\">FROM <strong>\u00d8 20 MM<\/strong> TO MORE THAN <strong>\u00d8 400 MM<\/strong><\/td>\n<\/tr>\n<\/tbody>\n<\/table>\n<p><strong><\/strong><strong>\u00a0 \u00a0 \u00a0 \u00a0\u00a0<\/strong><\/p>\n<p><strong>EQUIPPED WITH THE FOLLOWING STANDARD KIT:<\/strong><\/p>\n<p><strong>N\u00b0 \u00a0\u00a01 DRIVE UNIT<\/strong><\/p>\n<p><strong>N\u00b0 \u00a0\u00a01 CONTROL PANEL<\/strong><\/p>\n<p><strong>N\u00b0 \u00a0\u00a01 CABLE FOR CONTROL PANEL<\/strong><\/p>\n<p><strong>N\u00b0 \u00a0\u00a01 CONTROL PANEL HOLDER<\/strong><\/p>\n<p><strong>N\u00b0 \u00a0\u00a02 CONNECTABLE TOOL-HOLDER SHAFTS \u00d8 20 MM LGTH. 1000 MM + 1000\u00a0 <\/strong><\/p>\n<p><strong>\u00a0\u00a0\u00a0\u00a0\u00a0\u00a0 \u00a0\u00a0\u00a0\u00a0MM: TOTAL USABLE LGTH 1950 MM<\/strong><\/p>\n<p><strong>N\u00b0 \u00a0\u00a04 BEARING CARRIERS<\/strong><\/p>\n<p><strong>N\u00b0 12 EXTENSION BRACKETS FOR ADJUSTING DIAMETERS LGTH. MM 60 <\/strong><\/p>\n<p><strong>N\u00b0 \u00a0\u00a01 CENTERING KIT (2 RINGS &#8211; 6 BOSSES- 6 SCREWS M10 X 100 mm)<\/strong><\/p>\n<p><strong>N\u00b0 \u00a0\u00a05 CARBIDE INSERTS<\/strong><\/p>\n<p><strong>N\u00b0 \u00a0\u00a01 TOOL-HOLDER S8x25 MM (COMPLETE WITH WRENCH AND TORX\u00a0 <\/strong><\/p>\n<p><strong>\u00a0\u00a0\u00a0\u00a0\u00a0\u00a0 \u00a0\u00a0\u00a0SCREWS)<\/strong><\/p>\n<p><strong>N\u00b0 \u00a0\u00a01 TOOL HOLDER EXTENSION \u00d8 50 MM<\/strong><\/p>\n<p><strong>N\u00b0 \u00a0\u00a01 COMPASS (device for measuring internal diameters)<\/strong><\/p>\n<p><strong>N\u00b0 \u00a0\u00a01 MICROSPAND (device used for centering)<\/strong><\/p>\n<p><strong>N\u00b0 \u00a0\u00a01 COMPARATOR 1\/100<\/strong><\/p>\n<p><strong>N\u00b0 \u00a0\u00a02 COMPARATOR HOLDERS 8\/8\u00a0<\/strong><\/p>\n<p><strong>N\u00b0 \u00a0\u00a01 COMPARATOR EXTENSION<\/strong><\/p>\n<p><strong>N\u00b0 \u00a0\u00a01 TORCH CABLE WITH EUR ATTACHMENT<\/strong><\/p>\n<p><strong>N\u00b0 \u00a0\u00a01 WELDING TORCH SHAFT \u00d8 20 MM x 1000 MM LGTH<\/strong><\/p>\n<p><strong>N\u00b0 \u00a0\u00a04 TORCH HEADS FOR INTERNAL OVERLAY WELDING\u00a0C\/w WELDING AND <\/strong><\/p>\n<p><strong>\u00a0\u00a0\u00a0\u00a0\u00a0\u00a0 \u00a0\u00a0\u00a0GAS NOZZLES (M 70 MM x C 90 MM x B 125 MM x G 180 MM)<\/strong><\/p>\n<p><strong>N\u00b0 \u00a0\u00a01 TORCH HEAD FOR EXTERNAL OVERLAY WELDING C\/w WELDING\u00a0 AND <\/strong><\/p>\n<p><strong>\u00a0\u00a0\u00a0\u00a0\u00a0\u00a0 \u00a0\u00a0\u00a0GAS NOZZLES (A 320 MM)<\/strong><\/p>\n<p><strong>N\u00b0 \u00a0\u00a03 TORCH HEAD EXTENSIONS (D 55 MM x\u00a0 E 45 MM x H 135 MM) <\/strong><\/p>\n<p><strong>N\u00b0 \u00a0\u00a01 SUPPORT-HOLDER PLATE<\/strong><\/p>\n<p><strong>N\u00b0 \u00a0\u00a03 SUPPORT-HOLDER PLATE BRACKETS 180 MM<\/strong><\/p>\n<p><strong>N\u00b0 \u00a0\u00a03 THREADED RODS (M10x200 mm) FOR SUPPORT-HOLDER PLATE WITH <\/strong><\/p>\n<p><strong>\u00a0\u00a0\u00a0\u00a0\u00a0\u00a0 \u00a0\u00a0\u00a0DOUBLE NUT (6 NUTS M10)<\/strong><\/p>\n<p><strong>N\u00b0 \u00a0\u00a01 LATHED WELDING WIRE NOZZLE \u00d8 0,8 MM<\/strong><\/p>\n<p><strong>N\u00b0 \u00a0\u00a02 SHORT WELDING WIRE NOZZLES \u00d8 0,8 MM &#8211; \u00d8 1 MM<\/strong><\/p>\n<p><strong>N\u00b0 \u00a0\u00a02 LONG WELDING WIRE NOZZLES \u00d8 0,8 MM &#8211; \u00d8 1 MM<\/strong><\/p>\n<p><strong>WRENCHES<\/strong><\/p>\n<p><strong>OPERATION MANUAL<\/strong><\/p>\n","protected":false},"excerpt":{"rendered":"<p>WS Smaller\u00a0 from \u00d8 22 mm to \u00d8 70 mm\u00a0 Click here for PDF\u00a0Specification\u00a0Sheet IN LINE BORING ALSO IN BLIND HOLES : FROM \u00d8 22 MM TO MORE THAN \u00d8 70 MM INTERNAL WELDING ALSO IN BLIND HOLES FROM \u00d8 &hellip; <a href=\"https:\/\/dascomachine.com.au\/?page_id=108\">Get more information <span class=\"meta-nav\">&rarr;<\/span><\/a><\/p>\n","protected":false},"author":1,"featured_media":0,"parent":0,"menu_order":0,"comment_status":"open","ping_status":"open","template":"","meta":{"footnotes":""},"class_list":["post-108","page","type-page","status-publish","hentry"],"_links":{"self":[{"href":"https:\/\/dascomachine.com.au\/index.php?rest_route=\/wp\/v2\/pages\/108","targetHints":{"allow":["GET"]}}],"collection":[{"href":"https:\/\/dascomachine.com.au\/index.php?rest_route=\/wp\/v2\/pages"}],"about":[{"href":"https:\/\/dascomachine.com.au\/index.php?rest_route=\/wp\/v2\/types\/page"}],"author":[{"embeddable":true,"href":"https:\/\/dascomachine.com.au\/index.php?rest_route=\/wp\/v2\/users\/1"}],"replies":[{"embeddable":true,"href":"https:\/\/dascomachine.com.au\/index.php?rest_route=%2Fwp%2Fv2%2Fcomments&post=108"}],"version-history":[{"count":14,"href":"https:\/\/dascomachine.com.au\/index.php?rest_route=\/wp\/v2\/pages\/108\/revisions"}],"predecessor-version":[{"id":111,"href":"https:\/\/dascomachine.com.au\/index.php?rest_route=\/wp\/v2\/pages\/108\/revisions\/111"}],"wp:attachment":[{"href":"https:\/\/dascomachine.com.au\/index.php?rest_route=%2Fwp%2Fv2%2Fmedia&parent=108"}],"curies":[{"name":"wp","href":"https:\/\/api.w.org\/{rel}","templated":true}]}}