{"id":141,"date":"2012-08-13T23:46:55","date_gmt":"2012-08-13T23:46:55","guid":{"rendered":"https:\/\/dascomachine.com.au\/?page_id=141"},"modified":"2012-08-14T00:15:02","modified_gmt":"2012-08-14T00:15:02","slug":"ws-2","status":"publish","type":"page","link":"https:\/\/dascomachine.com.au\/?page_id=141","title":{"rendered":"WS 2"},"content":{"rendered":"<p><strong><a href=\"https:\/\/dascomachine.com.au\/wp-content\/uploads\/WS2-details1.pdf\"><img loading=\"lazy\" decoding=\"async\" class=\"alignleft size-full wp-image-160\" title=\"ws2plus\" src=\"https:\/\/dascomachine.com.au\/wp-content\/uploads\/ws2.jpg\" alt=\"\" width=\"348\" height=\"259\" \/><\/a>WS2 from \u00d8<\/strong> <strong>42 mm<\/strong> <strong>to<\/strong> <strong>\u00d8 400 mm<\/strong><\/p>\n<h3><a href=\"https:\/\/dascomachine.com.au\/wp-content\/uploads\/WS2-details1.pdf\"><span><span style=\"color: #ff0000;\">Click here for PDF Specification Sheet<\/span><\/span><\/a><\/h3>\n<p>&nbsp;<\/p>\n<table width=\"99%\" border=\"1\" cellspacing=\"0\" cellpadding=\"0\">\n<tbody>\n<tr>\n<td width=\"40%\">IN LINE BORING ALSO IN BLIND HOLES<\/td>\n<td width=\"37%\">FROM <strong>\u00d8 42 MM<\/strong> TO MORE THAN <strong>\u00d8 400 MM<\/strong><\/td>\n<\/tr>\n<tr>\n<td width=\"40%\">INTERNAL WELDING ALSO IN BLIND HOLES<strong><em><\/em><\/strong><\/td>\n<td width=\"37%\">FROM <strong>\u00d8 25 MM<\/strong> TO MORE THAN <strong>\u00d8 400 MM<\/strong><\/td>\n<\/tr>\n<tr>\n<td width=\"40%\">EXTERNAL WELDING<\/td>\n<td width=\"37%\">FROM <strong>\u00d8 <\/strong><strong>20<\/strong><strong> MM<\/strong> TO MORE THAN <strong>\u00d8 400 MM<\/strong><\/td>\n<\/tr>\n<tr>\n<td width=\"40%\">TAPPING (WITH MALE)<strong><em><\/em><\/strong><\/td>\n<td width=\"37%\">FROM <strong>\u00d8 8 MM<\/strong> TO A\u00a0 MAXIMUM OF <strong>\u00d8 45 MM<\/strong><\/td>\n<\/tr>\n<tr>\n<td width=\"40%\">DRILLING (WITH SPIRAL BIT)<\/td>\n<td width=\"37%\">FROM <strong>\u00d8 5 MM<\/strong> TO A MAXIMUM OF <strong>\u00d8 45 MM<\/strong><\/td>\n<\/tr>\n<\/tbody>\n<\/table>\n<p>EQUIPPED WITH THE FOLLOWING STANDARD KIT:<\/p>\n<p>N\u00b0 1 DRIVE UNIT<br \/>\nN\u00b0 1 CONTROL PANEL<br \/>\nN\u00b0 1 CABLE FOR CONTROL PANEL<br \/>\nN\u00b0 1 CONTROL PANEL HOLDER<br \/>\nN\u00b0 3 CONNECTABLE TOOL-HOLDER SHAFTS \u00d8 40 MM lgth 1000 mm<br \/>\n+ 1000 mm + 730 mm:Tot. Usable lgth 2600 mm<br \/>\nN\u00b0 4 BEARING CARRIERS<br \/>\nN\u00b0 24 BRACKETS FOR ADJUSTING DIAMETERS (N\u00b0 12 X 50 MM, N\u00b0 6<br \/>\nX 100 MM, N\u00b0 6 X 180 MM)<br \/>\nN\u00b0 1 CENTERING KIT (2 RINGS &#8211; 6 BOSSES &#8211; 6 SCREWS M10x60 mm)<br \/>\nN\u00b0 6 THREADED BARS M10x250 MM FOR THE CENTERING KIT<br \/>\nN\u00b0 5 CARBIDE INSERTS<br \/>\nN\u00b0 1 TOOL-HOLDER S10Cx50 mm (COMPLETE WITH WRENCH AND<br \/>\nTORX SCREW)<br \/>\nN\u00b0 1 TOOL-HOLDER S12Cx80 mm (COMPLETE WITH WRENCH AND<br \/>\nTORX SCREW)<br \/>\nN\u00b0 4 TOOL-HOLDER EXTENSIONS (\u00d8 90 MM + \u00d8 150 MM + \u00d8 230 MM<br \/>\n+ extension KNUX type lgth 100 MM),<br \/>\nN\u00b0 1 SMALL HOOK \u00f8 35mm (device for regulating cutting depth of<br \/>\ntool holder)<br \/>\nN\u00b0 1 MICROSPAND (MODULAR DEVICE USED FOR INTERNAL<br \/>\nMEASUREMENTS)<br \/>\nN\u00b0 3 MICROSPAND EXTENSIONS (n\u00b0 1) 100 MM + (N\u00b0 2 ) 50 MM<br \/>\nN\u00b0 1 COMPARATOR 1\/100<br \/>\nN\u00b0 1 COMPARATOR EXTENSION<br \/>\nN\u00b0 2 COMPARATOR HOLDER 8\/8 \u2013 10\/8<br \/>\nN\u00b0 1 WELDING TORCH CABLE WITH EUR-FITTING<br \/>\nN\u00b0 1 TELESCOPIC WELDING TORCH SHAFT \u00d8 40 MM Tot. Lgth. 1500<br \/>\nmm<br \/>\nN\u00b0 4 TORCH HEADS FOR INTERNAL OVERLAY WELDING C\/W<br \/>\nWELDING WIRE NOZZLES AND GAS DIFFUSER (B 125 MM x C<br \/>\n90 MM x G 180 MM x M 70 MM)<br \/>\nN\u00b0 1 TORCH HEAD FOR EXTERNAL OVERLAY WELDING C\/W<br \/>\nWELDING WIRE NOZZLES AND GAS DIFFUSER (A 320 MM)<br \/>\nN\u00b0 3 TORCH HEAD EXTENSIONS (D 55 MM x E 45 MM x H 135 MM)<br \/>\nN\u00b0 1 LATHED WELDING WIRE NOZZLE \u00d8 0,8 MM<br \/>\nN\u00b0 2 SHORT WELDING WIRE NOZZLE \u00d8 0.8 MM \u2013 1 MM<br \/>\nN\u00b0 2 LONG WELDING WIRE NOZZLE \u00d8 0.8 MM \u2013 1 MM<br \/>\nWRENCHES<br \/>\nOPERATION MANUAL<\/p>\n","protected":false},"excerpt":{"rendered":"<p>WS2 from \u00d8 42 mm to \u00d8 400 mm Click here for PDF Specification Sheet &nbsp; IN LINE BORING ALSO IN BLIND HOLES FROM \u00d8 42 MM TO MORE THAN \u00d8 400 MM INTERNAL WELDING ALSO IN BLIND HOLES FROM &hellip; <a href=\"https:\/\/dascomachine.com.au\/?page_id=141\">Get more information <span class=\"meta-nav\">&rarr;<\/span><\/a><\/p>\n","protected":false},"author":1,"featured_media":0,"parent":0,"menu_order":0,"comment_status":"open","ping_status":"open","template":"","meta":{"footnotes":""},"class_list":["post-141","page","type-page","status-publish","hentry"],"_links":{"self":[{"href":"https:\/\/dascomachine.com.au\/index.php?rest_route=\/wp\/v2\/pages\/141","targetHints":{"allow":["GET"]}}],"collection":[{"href":"https:\/\/dascomachine.com.au\/index.php?rest_route=\/wp\/v2\/pages"}],"about":[{"href":"https:\/\/dascomachine.com.au\/index.php?rest_route=\/wp\/v2\/types\/page"}],"author":[{"embeddable":true,"href":"https:\/\/dascomachine.com.au\/index.php?rest_route=\/wp\/v2\/users\/1"}],"replies":[{"embeddable":true,"href":"https:\/\/dascomachine.com.au\/index.php?rest_route=%2Fwp%2Fv2%2Fcomments&post=141"}],"version-history":[{"count":5,"href":"https:\/\/dascomachine.com.au\/index.php?rest_route=\/wp\/v2\/pages\/141\/revisions"}],"predecessor-version":[{"id":172,"href":"https:\/\/dascomachine.com.au\/index.php?rest_route=\/wp\/v2\/pages\/141\/revisions\/172"}],"wp:attachment":[{"href":"https:\/\/dascomachine.com.au\/index.php?rest_route=%2Fwp%2Fv2%2Fmedia&parent=141"}],"curies":[{"name":"wp","href":"https:\/\/api.w.org\/{rel}","templated":true}]}}