{"id":143,"date":"2012-08-13T23:47:30","date_gmt":"2012-08-13T23:47:30","guid":{"rendered":"https:\/\/dascomachine.com.au\/?page_id=143"},"modified":"2012-08-14T00:18:28","modified_gmt":"2012-08-14T00:18:28","slug":"ws-2-compact","status":"publish","type":"page","link":"https:\/\/dascomachine.com.au\/?page_id=143","title":{"rendered":"WS 2 Compact"},"content":{"rendered":"<p><strong><a href=\"https:\/\/dascomachine.com.au\/wp-content\/uploads\/ws2-Compact-details1.pdf\"><img loading=\"lazy\" decoding=\"async\" class=\"alignleft size-full wp-image-159\" title=\"ws2compact\" src=\"https:\/\/dascomachine.com.au\/wp-content\/uploads\/ws2compact.jpg\" alt=\"\" width=\"269\" height=\"272\" \/><\/a>WS2 Compact<\/strong> <strong>from \u00d8<\/strong> <strong>42 mm<\/strong> <strong>to<\/strong> <strong>\u00d8 400 mm<\/strong><\/p>\n<h3><a href=\"https:\/\/dascomachine.com.au\/wp-content\/uploads\/ws2-Compact-details1.pdf\" target=\"_blank\"><span><span style=\"color: #ff0000;\">Click here for PDF\u00a0Specification\u00a0Sheet<\/span><\/span><\/a><\/h3>\n<table width=\"99%\" border=\"1\" cellspacing=\"0\" cellpadding=\"0\">\n<tbody>\n<tr>\n<td width=\"40%\">IN LINE BORING ALSO IN BLIND HOLES<\/td>\n<td width=\"37%\">FROM <strong>\u00d8<\/strong><strong> <\/strong><strong>42<\/strong><strong> <\/strong><strong>MM<\/strong> TO MORE THAN <strong>\u00d8 400 MM<\/strong><\/td>\n<\/tr>\n<tr>\n<td width=\"40%\">INTERNAL WELDING ALSO IN BLIND HOLES<strong><em><\/em><\/strong><\/td>\n<td width=\"37%\">FROM <strong>\u00d8<\/strong><strong> <\/strong><strong>25<\/strong><strong> <\/strong><strong>MM<\/strong> TO MORE THAN <strong>\u00d8 400 MM<\/strong><\/td>\n<\/tr>\n<tr>\n<td width=\"40%\">EXTERNAL WELDING<\/td>\n<td width=\"37%\">FROM <strong>\u00d8<\/strong><strong> <\/strong><strong>20<\/strong><strong> MM<\/strong> TO MORE THAN <strong>\u00d8 400 MM<\/strong><\/td>\n<\/tr>\n<tr>\n<td width=\"40%\">TAPPING (WITH MALE)<strong><em><\/em><\/strong><\/td>\n<td width=\"37%\">FROM <strong>\u00d8 8 MM<\/strong> TO A\u00a0 MAXIMUM OF <strong>\u00d8 45 MM<\/strong><\/td>\n<\/tr>\n<tr>\n<td width=\"40%\">DRILLING (WITH SPIRAL BIT)<\/td>\n<td width=\"37%\">FROM <strong>\u00d8 5 MM<\/strong> TO A MAXIMUM OF <strong>\u00d8 45 MM<\/strong><\/td>\n<\/tr>\n<\/tbody>\n<\/table>\n<p><strong>EQUIPPED WITH THE FOLLOWING STANDARD KIT:<\/strong><\/p>\n<p><strong>\u00a0<\/strong><\/p>\n<p><strong>N\u00b0 \u00a0\u00a01 DRIVE UNIT\u00a0 <\/strong><\/p>\n<p><strong>N\u00b0 \u00a0\u00a01 CONTROL PANEL<\/strong><\/p>\n<p><strong>N\u00b0 \u00a0\u00a01 CABLE FOR CONTROL PANEL<\/strong><\/p>\n<p><strong>N\u00b0 \u00a0\u00a01 CONTROL PANEL HOLDER<\/strong><\/p>\n<p><strong>N\u00b0 \u00a0\u00a03 CONNECTABLE TOOL-HOLDER SHAFTS \u00d8 40 MM lgth 1000 mm + <\/strong><\/p>\n<p><strong>\u00a0\u00a0\u00a0\u00a0\u00a0\u00a0 \u00a0\u00a0\u00a01000 mm + 730 mm:Tot. Usable lgth 2600 mm<\/strong><\/p>\n<p><strong>N\u00b0 \u00a0\u00a04 BEARING CARRIERS<\/strong><\/p>\n<p><strong>N\u00b0 \u00a0\u00a01 FLANGE FOR REDUCED SPACES<\/strong><\/p>\n<p><strong>N\u00b0 24 BRACKETS FOR ADJUSTING DIAMETERS (N\u00b0 12 X 50 MM, N\u00b0 6 X \u00a0<\/strong><\/p>\n<p><strong>\u00a0\u00a0\u00a0\u00a0\u00a0\u00a0\u00a0\u00a0\u00a0 100 MM, N\u00b0 6 X 180 MM)\u00a0<\/strong><\/p>\n<p><strong>N\u00b0 \u00a0\u00a01 CENTERING KIT (2 RINGS &#8211; 6 BOSSES &#8211; 6 SCREWS M10x60 mm)<\/strong><\/p>\n<p><strong>N\u00b0 \u00a0\u00a06 THREADED BARS M10x250 MM FOR THE CENTERING KIT\u00a0 <\/strong><\/p>\n<p><strong>N\u00b0 \u00a0\u00a05 CARBIDE INSERTS<\/strong><\/p>\n<p><strong>N\u00b0 \u00a0\u00a01 TOOL-HOLDER S10Cx50 mm (COMPLETE WITH WRENCH AND <\/strong><\/p>\n<p><strong>\u00a0\u00a0\u00a0\u00a0\u00a0\u00a0\u00a0\u00a0\u00a0 TORX SCREW)<\/strong><\/p>\n<p><strong>N\u00b0 \u00a0\u00a01 TOOL-HOLDER S12Cx80 mm (COMPLETE WITH WRENCH AND <\/strong><\/p>\n<p><strong>\u00a0\u00a0\u00a0\u00a0\u00a0\u00a0\u00a0\u00a0\u00a0\u00a0 TORX SCREW)<\/strong><\/p>\n<p><strong>N\u00b0\u00a0 \u00a04 TOOL-HOLDER EXTENSIONS (\u00d8 90 MM + \u00d8 150 MM + \u00d8\u00a0 230 MM + <\/strong><\/p>\n<p><strong>\u00a0\u00a0\u00a0\u00a0\u00a0\u00a0\u00a0\u00a0\u00a0 <\/strong><strong>extension KNUX type lgth 100 MM)<\/strong><\/p>\n<p><strong>N\u00b0 \u00a0\u00a01 SMALL HOOK \u00f8 35mm (device for regulating cutting depth of tool <\/strong><\/p>\n<p><strong>\u00a0\u00a0\u00a0\u00a0\u00a0 \u00a0\u00a0\u00a0\u00a0holder)<\/strong><\/p>\n<p><strong>N\u00b0 \u00a0\u00a01 MICROSPAND (MODULAR DEVICE USED FOR INTERNAL <\/strong><\/p>\n<p><strong>\u00a0\u00a0\u00a0\u00a0\u00a0 \u00a0\u00a0\u00a0\u00a0MEASUREMENTS)<\/strong><\/p>\n<p><strong>N\u00b0\u00a0\u00a0 3 MICROSPAND EXTENSIONS (n\u00b0 1) 100 MM + (N\u00b0 2 ) 50 MM\u00a0 <\/strong><\/p>\n<p><strong>N\u00b0\u00a0\u00a0 1 COMPARATOR\u00a01\/100 <\/strong><\/p>\n<p><strong>N\u00b0\u00a0\u00a0 1 COMPARATOR\u00a0 EXTENSION<\/strong><\/p>\n<p><strong>N\u00b0\u00a0\u00a0 2 COMPARATOR HOLDER 8\/8 \u2013 10\/8<\/strong><\/p>\n<p><strong>N\u00b0\u00a0\u00a0 1 WELDING TORCH CABLE WITH EUR-FITTING\u00a0\u00a0 \u00a0 <\/strong><\/p>\n<p><strong>N\u00b0\u00a0\u00a0 1 TELESCOPIC WELDING TORCH SHAFT \u00d8 40 MM\u00a0 Tot. Lgth. 1500 <\/strong><\/p>\n<p><strong>\u00a0\u00a0\u00a0\u00a0\u00a0\u00a0\u00a0\u00a0\u00a0\u00a0 mm<\/strong><\/p>\n<p><strong>N\u00b0 \u00a0\u00a04 TORCH HEADS FOR INTERNAL OVERLAY WELDING\u00a0C\/W WELDING <\/strong><\/p>\n<p><strong>\u00a0\u00a0\u00a0\u00a0\u00a0\u00a0 \u00a0\u00a0\u00a0WIRE NOZZLES AND GAS DIFFUSER (B 125 MM x C 90 MM x G 180 <\/strong><\/p>\n<p><strong>\u00a0\u00a0\u00a0\u00a0\u00a0\u00a0\u00a0 \u00a0\u00a0MM x M 70 MM)<\/strong><\/p>\n<p><strong>N\u00b0 \u00a0\u00a01 TORCH HEAD FOR EXTERNAL OVERLAY WELDING C\/W WELDING <\/strong><\/p>\n<p><strong>\u00a0\u00a0\u00a0\u00a0\u00a0\u00a0 \u00a0\u00a0\u00a0WIRE NOZZLES AND GAS DIFFUSER (A 320 MM)<\/strong><\/p>\n<p><strong>N\u00b0 \u00a0\u00a03 TORCH HEAD EXTENSIONS (D 55 MM x\u00a0 E 45 MM x H 135 MM) <\/strong><\/p>\n<p><strong>N\u00b0\u00a0\u00a0 1 LATHED WELDING WIRE NOZZLE \u00d8 0,8 MM <\/strong><\/p>\n<p><strong>N\u00b0 \u00a0\u00a02 SHORT WELDING WIRE NOZZLE \u00d8 0.8 MM \u2013 1 MM\u00a0<\/strong><\/p>\n<p><strong>N\u00b0 \u00a0\u00a02 LONG WELDING WIRE NOZZLE \u00d8 0.8 MM \u2013 1 MM<\/strong><\/p>\n<p><strong>WRENCHES <\/strong><\/p>\n<p><strong>OPERATION MANUAL<\/strong><\/p>\n","protected":false},"excerpt":{"rendered":"<p>WS2 Compact from \u00d8 42 mm to \u00d8 400 mm Click here for PDF\u00a0Specification\u00a0Sheet IN LINE BORING ALSO IN BLIND HOLES FROM \u00d8 42 MM TO MORE THAN \u00d8 400 MM INTERNAL WELDING ALSO IN BLIND HOLES FROM \u00d8 25 &hellip; <a href=\"https:\/\/dascomachine.com.au\/?page_id=143\">Get more information <span class=\"meta-nav\">&rarr;<\/span><\/a><\/p>\n","protected":false},"author":1,"featured_media":0,"parent":0,"menu_order":0,"comment_status":"open","ping_status":"open","template":"","meta":{"footnotes":""},"class_list":["post-143","page","type-page","status-publish","hentry"],"_links":{"self":[{"href":"https:\/\/dascomachine.com.au\/index.php?rest_route=\/wp\/v2\/pages\/143","targetHints":{"allow":["GET"]}}],"collection":[{"href":"https:\/\/dascomachine.com.au\/index.php?rest_route=\/wp\/v2\/pages"}],"about":[{"href":"https:\/\/dascomachine.com.au\/index.php?rest_route=\/wp\/v2\/types\/page"}],"author":[{"embeddable":true,"href":"https:\/\/dascomachine.com.au\/index.php?rest_route=\/wp\/v2\/users\/1"}],"replies":[{"embeddable":true,"href":"https:\/\/dascomachine.com.au\/index.php?rest_route=%2Fwp%2Fv2%2Fcomments&post=143"}],"version-history":[{"count":6,"href":"https:\/\/dascomachine.com.au\/index.php?rest_route=\/wp\/v2\/pages\/143\/revisions"}],"predecessor-version":[{"id":178,"href":"https:\/\/dascomachine.com.au\/index.php?rest_route=\/wp\/v2\/pages\/143\/revisions\/178"}],"wp:attachment":[{"href":"https:\/\/dascomachine.com.au\/index.php?rest_route=%2Fwp%2Fv2%2Fmedia&parent=143"}],"curies":[{"name":"wp","href":"https:\/\/api.w.org\/{rel}","templated":true}]}}