{"id":148,"date":"2012-08-13T23:48:39","date_gmt":"2012-08-13T23:48:39","guid":{"rendered":"https:\/\/dascomachine.com.au\/?page_id=148"},"modified":"2012-08-14T00:24:01","modified_gmt":"2012-08-14T00:24:01","slug":"ws-3","status":"publish","type":"page","link":"https:\/\/dascomachine.com.au\/?page_id=148","title":{"rendered":"WS 3"},"content":{"rendered":"<p><strong><a href=\"https:\/\/dascomachine.com.au\/wp-content\/uploads\/WS3-details1.pdf\"><img loading=\"lazy\" decoding=\"async\" class=\"alignleft size-full wp-image-161\" title=\"ws3\" src=\"https:\/\/dascomachine.com.au\/wp-content\/uploads\/ws3.jpg\" alt=\"\" width=\"348\" height=\"301\" srcset=\"https:\/\/dascomachine.com.au\/wp-content\/uploads\/ws3.jpg 348w, https:\/\/dascomachine.com.au\/wp-content\/uploads\/ws3-300x259.jpg 300w\" sizes=\"auto, (max-width: 348px) 100vw, 348px\" \/><\/a>WS 3\u00a0 from \u00d8<\/strong> <strong>65 mm<\/strong> <strong>to<\/strong> <strong>\u00d8 600 mm<\/strong><\/p>\n<h3><a href=\"https:\/\/dascomachine.com.au\/wp-content\/uploads\/WS3-details1.pdf\" target=\"_blank\"><span><span style=\"color: #ff0000;\">Click here for PDF\u00a0Specification\u00a0Sheet<\/span><\/span><\/a><\/h3>\n<table width=\"99%\" border=\"1\" cellspacing=\"0\" cellpadding=\"0\">\n<tbody>\n<tr>\n<td width=\"42%\">IN LINE BORING ALSO IN BLIND HOLES :<\/td>\n<td width=\"37%\">FROM <strong>\u00d8 62 MM<\/strong> TO MORE THAN <strong>\u00d8 600 MM<\/strong><\/td>\n<\/tr>\n<tr>\n<td width=\"42%\">INTERNAL WELDING ALSO IN BLIND HOLES <strong><em><\/em><\/strong><\/td>\n<td width=\"37%\">FROM <strong>\u00d8 50 MM<\/strong> TO MORE THAN <strong>\u00d8 600 MM<\/strong><\/td>\n<\/tr>\n<tr>\n<td width=\"42%\">EXTERNAL WELDING<\/td>\n<td width=\"37%\">FROM <strong>\u00d8 20 MM<\/strong> TO MORE THAN <strong>\u00d8 600 MM<\/strong><\/td>\n<\/tr>\n<tr>\n<td width=\"42%\">DRILLING<\/td>\n<td width=\"37%\">FROM <strong>\u00d8 5 MM<\/strong> TO A MAXIMUM OF <strong>\u00d8 65 MM<\/strong><\/td>\n<\/tr>\n<tr>\n<td width=\"42%\">TAPPING<\/td>\n<td width=\"37%\">FROM <strong>\u00d8 10 MM<\/strong> TO A MAXIMUM OF <strong>\u00d8 65 MM<\/strong><\/td>\n<\/tr>\n<\/tbody>\n<\/table>\n<p><strong>EQUIPPED WITH THE FOLLOWING STANDARD KIT:<\/strong><\/p>\n<p><strong>N\u00b0\u00a0\u00a0 1 DRIVE UNIT<\/strong><\/p>\n<p><strong>N\u00b0 \u00a0\u00a01 CONTROL PANEL<\/strong><\/p>\n<p><strong>N\u00b0 \u00a0\u00a01 CABLE FOR CONTROL PANEL<\/strong><\/p>\n<p><strong>N\u00b0 \u00a0\u00a01 CONTROL PANEL HOLDER<\/strong><\/p>\n<p><strong>N\u00b0 \u00a0\u00a03 CONNECTABLE TOOL HOLDER SHAFTS \u00f8 60 mm Lgth. 1500mm \u00a0<\/strong><\/p>\n<p><strong>\u00a0\u00a0\u00a0\u00a0\u00a0\u00a0\u00a0\u00a0\u00a0 + 1500mm + 1630 mm: Tot. usable lgth. 4410 mm<\/strong><\/p>\n<p><strong>N\u00b0 \u00a0\u00a04 BEARING CARRIERS, <\/strong><\/p>\n<p><strong>N\u00b0 24 BRACKETS FOR ADJUSTING DIAMETERS (N\u00b0 12 X mm 50, N\u00b0 12 <\/strong><\/p>\n<p><strong>\u00a0\u00a0\u00a0\u00a0\u00a0\u00a0\u00a0\u00a0 <\/strong><strong>X mm 280)<\/strong><\/p>\n<p><strong>N\u00b0 12 BOLTS M24 X 120 mm<\/strong><\/p>\n<p><strong>N\u00b0 12 NUTS M24<\/strong><\/p>\n<p><strong>N\u00b0 \u00a0\u00a01 CENTERING KIT (2 RINGS &#8211; 6 BOSSES &#8211; 6 SCREWS )<\/strong><\/p>\n<p><strong>N\u00b0 \u00a0\u00a06 THREADED BARS M16x330 mm FOR CENTERING KIT<\/strong><\/p>\n<p><strong>N\u00b0\u00a0\u00a0 5 CARBIDE INSERTS<\/strong><\/p>\n<p><strong>N\u00b0 \u00a0\u00a01 TOOL HOLDER S10Cx30 mm (COMPLETE WITH WRENCH AND <\/strong><\/p>\n<p><strong>\u00a0\u00a0\u00a0\u00a0\u00a0\u00a0\u00a0\u00a0\u00a0 TORX SCREW)<\/strong><\/p>\n<p><strong>N\u00b0 \u00a0\u00a01 TOOL HOLDER S10Cx50 mm(COMPLETE WITH WRENCH AND <\/strong><\/p>\n<p><strong>\u00a0\u00a0\u00a0\u00a0\u00a0 \u00a0\u00a0TORX SCREW)<\/strong><\/p>\n<p><strong>N\u00b0 \u00a0\u00a01 TOOL HOLDER S12Cx80 mm (COMPLETE WITH WRENCH AND <\/strong><\/p>\n<p><strong>\u00a0\u00a0\u00a0\u00a0\u00a0\u00a0\u00a0\u00a0\u00a0 TORX SCREW)<\/strong><\/p>\n<p><strong>N\u00b0 \u00a0\u00a06 TOOL-HOLDER EXTENSIONS (\u00f8 140 mm + \u00f8 180 mm + \u00f8 270 mm <\/strong><\/p>\n<p><strong>\u00a0\u00a0\u00a0\u00a0\u00a0\u00a0\u00a0\u00a0\u00a0\u00a0 + \u00f8 450 mm + KNUX type extensions Lgth.100 mm + 150 mm)<\/strong><\/p>\n<p><strong>N\u00b0 \u00a0\u00a01 SMALL HOOK \u00f8 35mm (device for regulating cutting depth of tool <\/strong><\/p>\n<p><strong>\u00a0\u00a0\u00a0\u00a0\u00a0\u00a0\u00a0\u00a0\u00a0 holder)<\/strong><\/p>\n<p><strong>N\u00b0 \u00a0\u00a01 MICROSPAND (MODULAR DEVICE USED FOR INTERNAL <\/strong><\/p>\n<p><strong>\u00a0\u00a0\u00a0\u00a0\u00a0\u00a0\u00a0\u00a0\u00a0 MEASUREMENTS)<\/strong><\/p>\n<p><strong>N\u00b0 \u00a0\u00a04 MICROSPAND EXTENSIONS 23 mm \u2013 50 mm \u2013 100 mm \u2013 150 mm<\/strong><\/p>\n<p><strong>N\u00b0\u00a0\u00a0 1 COMPARATOR\u00a01\/100 <\/strong><\/p>\n<p><strong>N\u00b0\u00a0\u00a0 1 COMPARATOR\u00a0 EXTENSION<\/strong><\/p>\n<p><strong>N\u00b0 \u00a0\u00a03 COMPARATOR HOLDER 8\/8 \u2013 10\/8 \u2013 12\/8<\/strong><\/p>\n<p><strong>N\u00b0 \u00a0\u00a01 WELDING TORCH CABLE WITH EUR-FITTING, <\/strong><\/p>\n<p><strong>N\u00b0 \u00a0\u00a01 TORCH SHAFT \u00d8 40 MM TOTAL LGTH. 1500 MM, <\/strong><\/p>\n<p><strong>N\u00b0 \u00a0\u00a02 ADAPTING BUSHINGS FOR TORCH SHAFT lung. 210 \u2013 lung. 120<\/strong><\/p>\n<p><strong>N\u00b0 \u00a0\u00a05 TORCH-HEADS FOR INTERNAL OVERLAY WELDING C\/W <\/strong><\/p>\n<p><strong>\u00a0\u00a0\u00a0\u00a0\u00a0\u00a0\u00a0\u00a0\u00a0 WELDING WIRE NOZZLES AND GAS DIFFUSER (B 125 mm\u00a0 + C <\/strong><\/p>\n<p><strong>\u00a0\u00a0\u00a0\u00a0\u00a0\u00a0\u00a0\u00a0\u00a0 90 mm + G 180 mm\u00a0 + M\u00a0 70 mm + I 250 mm)<\/strong><\/p>\n<p><strong>N\u00b0\u00a0 \u00a01 TORCH-HEAD FOR EXTERNAL OVERLAY WELDING C\/W <\/strong><\/p>\n<p><strong>\u00a0\u00a0\u00a0\u00a0\u00a0\u00a0\u00a0\u00a0\u00a0 WELDING WIRE NOZZLES AND GAS DIFFUSER (A 320 MM)<\/strong><\/p>\n<p><strong>N\u00b0 \u00a0\u00a03 TORCH HEAD EXTENSIONS (D 55 mm + E 45 mm + H 135 mm)<\/strong><\/p>\n<p><strong>N\u00b0 \u00a0\u00a01\u00a0 LATHED WELDING WIRE NOZZLE \u00d8 0.8<\/strong><\/p>\n<p><strong>N\u00b0 \u00a0\u00a02 SHORT WELDING WIRE NOZZLES \u00f8 0,8 mm\u00a0 \u2013 \u00f8 1 mm, <\/strong><\/p>\n<p><strong>N\u00b0 \u00a0\u00a02\u00a0 LONG WELDING WIRE NOZZLES \u00f8 0,8 mm\u00a0 \u2013 \u00f8 1 mm, <\/strong><\/p>\n<p><strong>WRENCHES<\/strong><\/p>\n<p><strong>OPERATION MANUAL<\/strong><\/p>\n","protected":false},"excerpt":{"rendered":"<p>WS 3\u00a0 from \u00d8 65 mm to \u00d8 600 mm Click here for PDF\u00a0Specification\u00a0Sheet IN LINE BORING ALSO IN BLIND HOLES : FROM \u00d8 62 MM TO MORE THAN \u00d8 600 MM INTERNAL WELDING ALSO IN BLIND HOLES FROM \u00d8 &hellip; <a href=\"https:\/\/dascomachine.com.au\/?page_id=148\">Get more information <span class=\"meta-nav\">&rarr;<\/span><\/a><\/p>\n","protected":false},"author":1,"featured_media":0,"parent":0,"menu_order":0,"comment_status":"open","ping_status":"open","template":"","meta":{"footnotes":""},"class_list":["post-148","page","type-page","status-publish","hentry"],"_links":{"self":[{"href":"https:\/\/dascomachine.com.au\/index.php?rest_route=\/wp\/v2\/pages\/148","targetHints":{"allow":["GET"]}}],"collection":[{"href":"https:\/\/dascomachine.com.au\/index.php?rest_route=\/wp\/v2\/pages"}],"about":[{"href":"https:\/\/dascomachine.com.au\/index.php?rest_route=\/wp\/v2\/types\/page"}],"author":[{"embeddable":true,"href":"https:\/\/dascomachine.com.au\/index.php?rest_route=\/wp\/v2\/users\/1"}],"replies":[{"embeddable":true,"href":"https:\/\/dascomachine.com.au\/index.php?rest_route=%2Fwp%2Fv2%2Fcomments&post=148"}],"version-history":[{"count":6,"href":"https:\/\/dascomachine.com.au\/index.php?rest_route=\/wp\/v2\/pages\/148\/revisions"}],"predecessor-version":[{"id":187,"href":"https:\/\/dascomachine.com.au\/index.php?rest_route=\/wp\/v2\/pages\/148\/revisions\/187"}],"wp:attachment":[{"href":"https:\/\/dascomachine.com.au\/index.php?rest_route=%2Fwp%2Fv2%2Fmedia&parent=148"}],"curies":[{"name":"wp","href":"https:\/\/api.w.org\/{rel}","templated":true}]}}