{"id":150,"date":"2012-08-13T23:49:08","date_gmt":"2012-08-13T23:49:08","guid":{"rendered":"https:\/\/dascomachine.com.au\/?page_id=150"},"modified":"2012-08-14T00:26:49","modified_gmt":"2012-08-14T00:26:49","slug":"ws-5","status":"publish","type":"page","link":"https:\/\/dascomachine.com.au\/?page_id=150","title":{"rendered":"WS 5"},"content":{"rendered":"<p><strong><a href=\"https:\/\/dascomachine.com.au\/wp-content\/uploads\/ws5-details.pdf\"><img loading=\"lazy\" decoding=\"async\" class=\"alignleft size-full wp-image-162\" title=\"ws5\" src=\"https:\/\/dascomachine.com.au\/wp-content\/uploads\/ws5.jpg\" alt=\"\" width=\"260\" height=\"301\" srcset=\"https:\/\/dascomachine.com.au\/wp-content\/uploads\/ws5.jpg 260w, https:\/\/dascomachine.com.au\/wp-content\/uploads\/ws5-259x300.jpg 259w\" sizes=\"auto, (max-width: 260px) 100vw, 260px\" \/><\/a>WS 5\u00a0 from \u00d8<\/strong> <strong>110 mm<\/strong> <strong>to<\/strong> <strong>\u00d8 1000 mm<\/strong><\/p>\n<h3><a href=\"https:\/\/dascomachine.com.au\/wp-content\/uploads\/ws5-details.pdf\" target=\"_blank\"><span><span style=\"color: #ff0000;\">Click here for PDF Specification Sheet<\/span><\/span><\/a><\/h3>\n<p>&nbsp;<\/p>\n<table width=\"99%\" border=\"1\" cellspacing=\"0\" cellpadding=\"0\">\n<tbody>\n<tr>\n<td width=\"40%\">IN LINE BORING ALSO IN BLIND HOLES<\/td>\n<td width=\"37%\">FROM <strong>\u00d8 120 MM<\/strong> TO MORE THAN <strong>\u00d8 1000 MM<\/strong><\/td>\n<\/tr>\n<tr>\n<td width=\"40%\">INTERNAL WELDING ALSO IN BLIND HOLES<strong><em><\/em><\/strong><\/td>\n<td width=\"37%\">FROM <strong>\u00d8 100 MM<\/strong> TO MORE THAN <strong>\u00d8 1000 MM<\/strong><\/td>\n<\/tr>\n<tr>\n<td width=\"40%\">EXTERNAL WELDING<\/td>\n<td width=\"37%\">FROM <strong>\u00d8 20 MM<\/strong> TO MORE THAN <strong>\u00d8 1000 MM<\/strong><\/td>\n<\/tr>\n<\/tbody>\n<\/table>\n<p><strong>EQUIPPED WITH THE FOLLOWING STANDARD KIT:<\/strong><\/p>\n<p><strong><em>\u00a0<\/em><\/strong><\/p>\n<p><strong>N\u00b0 \u00a0\u00a01 DRIVE UNIT<\/strong><\/p>\n<p><strong>N\u00b0 \u00a0\u00a01 CONTROL PANEL<\/strong><\/p>\n<p><strong>N\u00b0 \u00a0\u00a01 CONTROL PANEL HOLDER<\/strong><\/p>\n<p><strong>N\u00b0 \u00a0\u00a01 CABLE FOR CONTROL PANEL<\/strong><\/p>\n<p><strong>N\u00b0 \u00a0\u00a01 TOOL HOLDER SHAFT\u00a0 \u00f8 80 mm Lung. 3000mm <\/strong><\/p>\n<p><strong>N\u00b0 \u00a0\u00a02 BEARING CARRIERS FOR SHAFT <\/strong><\/p>\n<p><strong>N\u00b0 \u00a0\u00a01 EXPANSION BEARING CARRIER COMPLETE WITH EXTENSIONS<\/strong><\/p>\n<p><strong>N\u00b0 \u00a0\u00a08 BRACKETS FOR ADJUSTING DIAMETERS 100 mm<\/strong><\/p>\n<p><strong>N\u00b0 \u00a0\u00a08 BRACKETS FOR ADJUSTING DIAMETERS 230 mm<\/strong><\/p>\n<p><strong>N\u00b0 \u00a0\u00a08 DOUBLE BRACKETS FOR ADJUSTING DIAMETERS 500 mm<\/strong><\/p>\n<p><strong>N\u00b0 \u00a0\u00a02 STAR SHAPED BEARING CARRIERS \u00f8 450 mm<\/strong><\/p>\n<p><strong>\u00a0\u00a0\u00a0\u00a0\u00a0\u00a0\u00a0\u00a0\u00a0 BOLTS AND NUTS FOR TIGHTENING<\/strong><\/p>\n<p><strong>N\u00b0 \u00a0\u00a02 RINGS FOR INTERNAL CENTERING<\/strong><\/p>\n<p><strong>N\u00b0 \u00a0\u00a02 RINGS FOR EXTERNAL CENTERING<\/strong><\/p>\n<p><strong>N\u00b0 \u00a0\u00a06\u00a0 CENTERING BOSSES<\/strong><\/p>\n<p><strong>N\u00b0 \u00a0\u00a06 THREADED BARS FOR CENTERING M24X170<\/strong><\/p>\n<p><strong>N\u00b0 \u00a0\u00a06 THREADED BARS FOR CENTERING M24X270<\/strong><\/p>\n<p><strong>N\u00b0 \u00a0\u00a06 THREADED BARS FOR CENTERING M24X370<\/strong><\/p>\n<p><strong>N\u00b0 10 INSERTS S10C<\/strong><\/p>\n<p><strong>N\u00b0 \u00a0\u00a01 TOOL HOLDER S10Cx30 mm<\/strong><\/p>\n<p><strong>N\u00b0 \u00a0\u00a01 TOOL HOLDER S10Cx50 mm<\/strong><\/p>\n<p><strong>N\u00b0 \u00a0\u00a01 TOOL HOLDER S12Cx80 mm<\/strong><\/p>\n<p><strong>N\u00b0 \u00a0\u00a03 TORX SCREWS M 2.5<\/strong><\/p>\n<p><strong>N\u00b0 \u00a0\u00a01\u00a0 TORX WRENCH T8<\/strong><\/p>\n<p><strong>N\u00b0 \u00a0\u00a01\u00a0 TOOL HOLDER EXTENSION \u00f8 165 MM<\/strong><\/p>\n<p><strong>N\u00b0 \u00a0\u00a01\u00a0 DISK SHAPED TOOL HOLDER EXTENSION \u00f8 220 MM COMPOSED <\/strong><\/p>\n<p><strong>\u00a0\u00a0\u00a0\u00a0\u00a0\u00a0\u00a0\u00a0\u00a0\u00a0 OF \u00a02 HALF DISKS<\/strong><\/p>\n<p><strong>N\u00b0 \u00a0\u00a02 TOWER SHAPED TOOL HOLDER EXTENSION 100 MM<\/strong><\/p>\n<p><strong>N\u00b0 \u00a0\u00a02\u00a0 TOWER SHAPED EXTENSION 180 MM<\/strong><\/p>\n<p><strong>N\u00b0 \u00a0\u00a02\u00a0 TOWER SHAPED EXTENSION 300 MM<\/strong><\/p>\n<p><strong>N\u00b0 \u00a0\u00a02\u00a0 SUPPLEMENT FOR TOWER HEIGHT 60 MM FOR TOOL HOLDER <\/strong><\/p>\n<p><strong>\u00a0\u00a0\u00a0\u00a0\u00a0\u00a0\u00a0\u00a0\u00a0\u00a0 EXTENSION<\/strong><\/p>\n<p><strong>N\u00b0 \u00a0\u00a02 TOOL HOLDER KEYS<\/strong><\/p>\n<p><strong>N\u00b0 \u00a0\u00a02\u00a0 CHROMED BARS \u00f8 40 X 50 MM FOR TOOL HOLDER EXTENSION<\/strong><\/p>\n<p><strong>N\u00b0\u00a0 \u00a02\u00a0 CHROMED BARS \u00f8 40 X 80 MM FOR TOOL HOLDER EXTENSION<\/strong><\/p>\n<p><strong>N\u00b0 \u00a0\u00a02\u00a0 CHROMED BARS \u00f8 40 X 120 MM FOR TOOL HOLDER EXTENSION<\/strong><\/p>\n<p><strong>N\u00b0 \u00a0\u00a01 MICROSPAND (MODULAR DEVICE USED FOR INTERNAL <\/strong><\/p>\n<p><strong>\u00a0\u00a0\u00a0\u00a0\u00a0\u00a0\u00a0\u00a0\u00a0 MEASUREMENTS)<\/strong><\/p>\n<p><strong>N\u00b0 \u00a0\u00a03 MICROSPAND EXTENSIONS 50 mm \u2013 100 mm \u2013 200 mm<\/strong><\/p>\n<p><strong>N\u00b0\u00a0\u00a0 1 COMPARATOR\u00a01\/100 <\/strong><\/p>\n<p><strong>N\u00b0\u00a0\u00a0 1 COMPARATOR\u00a0 EXTENSION<\/strong><\/p>\n<p><strong>N\u00b0 \u00a0\u00a02\u00a0 COMPARATOR HOLDER 10\/8 &#8211; 8\/8<\/strong><\/p>\n<p><strong>N\u00b0 \u00a0\u00a01 TORCH SHAFT \u00f8 40 mm Lgth. Tot. 2000 mm<\/strong><\/p>\n<p><strong>N\u00b0 \u00a0\u00a02 ADAPTING BUSHINGS FOR TORCH SHAFT lgth. 230 \u2013 lgth. 130<\/strong><\/p>\n<p><strong>N\u00b0 \u00a0\u00a01 WELDING TORCH CABLE WITH EUR\/BINZEL FITTING, <\/strong><\/p>\n<p><strong>N\u00b0 \u00a0\u00a01 TORCH-HEAD FOR INTERNAL OVERLAY WELDING C\/W WELDING <\/strong><\/p>\n<p><strong>\u00a0\u00a0\u00a0\u00a0\u00a0\u00a0\u00a0\u00a0\u00a0\u00a0 WIRE NOZZLES AND GAS DIFFUSER (B<\/strong> <strong><em>125 mm<\/em><\/strong>)<\/p>\n<p><strong>N\u00b0 \u00a0\u00a01 TORCH-HEAD FOR INTERNAL OVERLAY WELDING C\/W WELDING <\/strong><\/p>\n<p><strong>\u00a0\u00a0\u00a0\u00a0\u00a0\u00a0\u00a0\u00a0\u00a0\u00a0 WIRE NOZZLES AND GAS DIFFUSER (G 180 mm)\u00a0 <\/strong><\/p>\n<p><strong>N\u00b0 \u00a0\u00a01 TORCH-HEAD FOR INTERNAL OVERLAY WELDING C\/W WELDING <\/strong><\/p>\n<p><strong>\u00a0\u00a0\u00a0\u00a0\u00a0\u00a0\u00a0\u00a0\u00a0\u00a0 WIRE NOZZLES AND GAS DIFFUSER (I 250 mm)\u00a0 <\/strong><\/p>\n<p><strong>N\u00b0 \u00a0\u00a01 TORCH-HEAD FOR EXTERNAL OVERLAY WELDING C\/W WELDING <\/strong><\/p>\n<p><strong>\u00a0\u00a0\u00a0\u00a0\u00a0\u00a0\u00a0\u00a0\u00a0 WIRE NOZZLES AND GAS DIFFUSER (A 320 MM), <\/strong><\/p>\n<p><strong>N\u00b0\u00a0\u00a0 1 TORCH HEAD EXTENSION D (55 MM)<\/strong><\/p>\n<p><strong>N\u00b0 \u00a0\u00a01 TORCH HEAD EXTENSION E (45 MM)<\/strong><\/p>\n<p><strong>N\u00b0 \u00a0\u00a01 TORCH HEAD EXTENSION H (135 MM)<\/strong><\/p>\n<p><strong>N\u00b0 \u00a0\u00a02 TORCH HEAD EXTENSIONS L (160 MM)<\/strong><\/p>\n<p><strong>N\u00b0 \u00a0\u00a02 LONG WELDING WIRE NOZZLES 1.2 MM<\/strong><\/p>\n<p><strong>N\u00b0 \u00a0\u00a02 SHORT WELDING WIRE NOZZLES 1 MM<\/strong><\/p>\n<p><strong>N\u00b0 \u00a0\u00a02 LONG WELDING WIRE NOZZLES 0.8 MM<\/strong><\/p>\n<p><strong>N\u00b0 \u00a0\u00a02 LONG WELDING WIRE NOZZLES 1 MM<\/strong><\/p>\n<p><strong>WRENCHES<\/strong><\/p>\n<p><strong>OPERATION MANUAL<\/strong><\/p>\n","protected":false},"excerpt":{"rendered":"<p>WS 5\u00a0 from \u00d8 110 mm to \u00d8 1000 mm Click here for PDF Specification Sheet &nbsp; IN LINE BORING ALSO IN BLIND HOLES FROM \u00d8 120 MM TO MORE THAN \u00d8 1000 MM INTERNAL WELDING ALSO IN BLIND HOLES &hellip; <a href=\"https:\/\/dascomachine.com.au\/?page_id=150\">Get more information <span class=\"meta-nav\">&rarr;<\/span><\/a><\/p>\n","protected":false},"author":1,"featured_media":0,"parent":0,"menu_order":0,"comment_status":"open","ping_status":"open","template":"","meta":{"footnotes":""},"class_list":["post-150","page","type-page","status-publish","hentry"],"_links":{"self":[{"href":"https:\/\/dascomachine.com.au\/index.php?rest_route=\/wp\/v2\/pages\/150","targetHints":{"allow":["GET"]}}],"collection":[{"href":"https:\/\/dascomachine.com.au\/index.php?rest_route=\/wp\/v2\/pages"}],"about":[{"href":"https:\/\/dascomachine.com.au\/index.php?rest_route=\/wp\/v2\/types\/page"}],"author":[{"embeddable":true,"href":"https:\/\/dascomachine.com.au\/index.php?rest_route=\/wp\/v2\/users\/1"}],"replies":[{"embeddable":true,"href":"https:\/\/dascomachine.com.au\/index.php?rest_route=%2Fwp%2Fv2%2Fcomments&post=150"}],"version-history":[{"count":5,"href":"https:\/\/dascomachine.com.au\/index.php?rest_route=\/wp\/v2\/pages\/150\/revisions"}],"predecessor-version":[{"id":188,"href":"https:\/\/dascomachine.com.au\/index.php?rest_route=\/wp\/v2\/pages\/150\/revisions\/188"}],"wp:attachment":[{"href":"https:\/\/dascomachine.com.au\/index.php?rest_route=%2Fwp%2Fv2%2Fmedia&parent=150"}],"curies":[{"name":"wp","href":"https:\/\/api.w.org\/{rel}","templated":true}]}}