{"id":152,"date":"2012-08-13T23:49:39","date_gmt":"2012-08-13T23:49:39","guid":{"rendered":"https:\/\/dascomachine.com.au\/?page_id=152"},"modified":"2012-08-14T00:39:47","modified_gmt":"2012-08-14T00:39:47","slug":"ws-7","status":"publish","type":"page","link":"https:\/\/dascomachine.com.au\/?page_id=152","title":{"rendered":"WS 7"},"content":{"rendered":"<p><strong><a href=\"https:\/\/dascomachine.com.au\/wp-content\/uploads\/WS7.pdf\"><img loading=\"lazy\" decoding=\"async\" class=\"alignleft size-full wp-image-163\" title=\"ws7\" src=\"https:\/\/dascomachine.com.au\/wp-content\/uploads\/ws7.jpg\" alt=\"\" width=\"262\" height=\"309\" srcset=\"https:\/\/dascomachine.com.au\/wp-content\/uploads\/ws7.jpg 262w, https:\/\/dascomachine.com.au\/wp-content\/uploads\/ws7-254x300.jpg 254w\" sizes=\"auto, (max-width: 262px) 100vw, 262px\" \/><\/a>WS 7\u00a0 from \u00d8<\/strong> <strong>400 mm<\/strong> <strong>to<\/strong> <strong>\u00d8 1200 mm<\/strong><\/p>\n<h3><a href=\"https:\/\/dascomachine.com.au\/wp-content\/uploads\/WS7.pdf\" target=\"_blank\"><span><span style=\"color: #ff0000;\">Click here for PDF Specification Sheet<\/span><\/span><\/a><\/h3>\n<p>&nbsp;<\/p>\n<table width=\"98%\" border=\"1\" cellspacing=\"0\" cellpadding=\"0\">\n<tbody>\n<tr>\n<td width=\"37%\">IN LINE BORING ALSO IN BLIND HOLES<\/td>\n<td width=\"26%\">FROM <strong>\u00d8 400 MM<\/strong> TO MORE THAN <strong>\u00d8 1200 MM<\/strong><\/td>\n<\/tr>\n<tr>\n<td width=\"37%\">INTERNAL WELDING ALSO BLIND HOLES<strong><em><\/em><\/strong><\/td>\n<td width=\"26%\">FROM <strong>\u00d8\u00a0 350 MM<\/strong> TO MORE THAN <strong>\u00d8 1200 MM<\/strong><\/td>\n<\/tr>\n<tr>\n<td width=\"37%\">EXTERNAL WELDING<\/td>\n<td width=\"26%\">FROM <strong>\u00d8 100 MM<\/strong> TO MORE THAN <strong>\u00d8 1200 MM<\/strong><\/td>\n<\/tr>\n<\/tbody>\n<\/table>\n<p><strong><em>EQUIPPED WITH THE FOLLOWING STANDARD KIT:<\/em><\/strong><\/p>\n<p><strong><em>\u00a0<\/em><\/strong><\/p>\n<p><strong>N\u00b0\u00a0\u00a0 1 DRIVE UNIT<\/strong><\/p>\n<p><strong>N\u00b0 \u00a0\u00a01 CONTROL PANEL<\/strong><\/p>\n<p><strong>N\u00b0 \u00a0\u00a01 CABLE FOR CONTROL PANEL<\/strong><\/p>\n<p><strong>N\u00b0 \u00a0\u00a01 CONTROL PANEL HOLDER<\/strong><\/p>\n<p><strong>N\u00b0 \u00a0\u00a01 TOOL HOLDER SHAFT\u00a0 \u00f8 100 mm Lgth. 3000mm\u00a0 <\/strong><\/p>\n<p><strong>N\u00b0 \u00a0\u00a04 BEARING CARRIERS, <\/strong><\/p>\n<p><strong>N\u00b0 34 BRACKETS FOR ADJUSTING DIAMETERS (N\u00b0 12 X mm 200, N\u00b0 12 X <\/strong><\/p>\n<p><strong>\u00a0\u00a0\u00a0\u00a0\u00a0\u00a0 \u00a0\u00a0\u00a0mm 300, N\u00b0 10 X mm 700 double special brackets)<\/strong><\/p>\n<p><strong>N\u00b0 \u00a0\u00a02 STAR SHAPED BRACKETS \u00f8 700 mm<\/strong><\/p>\n<p><strong>N\u00b0 20 WASHERS FOR STAR SHAPED BRACKETS FIXING<\/strong><\/p>\n<p><strong>N\u00b0 10 STUDS FOR BRACKET<\/strong><\/p>\n<p><strong>N\u00b0 10 STUD SPACERS<\/strong><\/p>\n<p><strong>N\u00b0 10 STUD NUTS<\/strong><\/p>\n<p><strong>N\u00b0 20 WASHERS 18<\/strong><\/p>\n<p><strong>COMPLETE BOLTING<\/strong><\/p>\n<p><strong>N\u00b0 \u00a0\u00a01 CENTERING KIT (2 EXT.RINGS \u2013 2 INT.RINGS &#8211; 6 BOSSES Lgth. 100 <\/strong><\/p>\n<p><strong>\u00a0\u00a0\u00a0\u00a0\u00a0\u00a0 \u00a0\u00a0\u00a0mm)<\/strong><\/p>\n<p><strong>N\u00b0 18 THREADED BARS FOR CENTERING KIT (6 \u2013 M30x200 mm; 6 \u2013<\/strong><\/p>\n<p><strong>\u00a0\u00a0\u00a0\u00a0\u00a0\u00a0\u00a0\u00a0\u00a0 M30x400 mm; 6 \u2013 M30x600 mm)<\/strong><\/p>\n<p><strong>N\u00b0 10 CARBIDE INSERTS<\/strong><\/p>\n<p><strong>N\u00b0 \u00a0\u00a01 TOOL HOLDER S10Cx30 mm (COMPLETE WITH WRENCH AND <\/strong><\/p>\n<p><strong>\u00a0\u00a0\u00a0\u00a0\u00a0\u00a0\u00a0\u00a0\u00a0\u00a0 TORX SCREW)<\/strong><\/p>\n<p><strong>N\u00b0 \u00a0\u00a01 TOOL HOLDER S10Cx50 mm (COMPLETE WITH WRENCH AND <\/strong><\/p>\n<p><strong>\u00a0\u00a0\u00a0\u00a0\u00a0\u00a0\u00a0\u00a0\u00a0 TORX SCREW)<\/strong><\/p>\n<p><strong>N\u00b0 \u00a0\u00a01 TOOL HOLDER S12Cx80 mm (COMPLETE WITH WRENCH AND <\/strong><\/p>\n<p><strong>\u00a0\u00a0\u00a0\u00a0\u00a0\u00a0\u00a0\u00a0\u00a0 TORX SCREW)<\/strong><\/p>\n<p><strong>N\u00b0 \u00a0\u00a01\u00a0 MAIN DISK SHAPED TOOL HOLDER \u00f8 340 MM COMPOSED OF 2 <\/strong><\/p>\n<p><strong>\u00a0\u00a0\u00a0\u00a0\u00a0\u00a0 \u00a0\u00a0\u00a0\u00a0HALF DISKS<\/strong><\/p>\n<p><strong>N\u00b0 \u00a0\u00a01 TOWER SHAPED TOOL HOLDER EXTENSION 100 MM FOR MAIN <\/strong><\/p>\n<p><strong>\u00a0\u00a0\u00a0\u00a0\u00a0\u00a0 \u00a0\u00a0\u00a0TOOL HOLDER<\/strong><\/p>\n<p><strong>N\u00b0 \u00a0\u00a01\u00a0 SUPPLEMENT HEIGHT 50 MM FOR TOOL HOLDER EXTENSION<\/strong><\/p>\n<p><strong>N\u00b0 \u00a0\u00a02\u00a0 SUPPLEMENTS HEIGHT 100 MM FOR TOOL HOLDER EXTENSION<\/strong><\/p>\n<p><strong>N\u00b0 \u00a0\u00a01\u00a0 CHROMED BAR \u00f8 40 LGTH 50 MM FOR TOOL HOLDER EXTENSION<\/strong><\/p>\n<p><strong>N\u00b0 \u00a0\u00a01\u00a0 CHROMED BAR \u00f8 40 LGTH 100 MM FOR TOOL HOLDER <\/strong><\/p>\n<p><strong>\u00a0\u00a0\u00a0\u00a0\u00a0\u00a0\u00a0\u00a0\u00a0\u00a0 EXTENSION<\/strong><\/p>\n<p><strong>N\u00b0 \u00a0\u00a01\u00a0 CHROMED BAR \u00f8 40 LGTH 150 MM FOR TOOL HOLDER <\/strong><\/p>\n<p><strong>\u00a0\u00a0\u00a0\u00a0\u00a0\u00a0\u00a0\u00a0\u00a0\u00a0 EXTENSION<\/strong><\/p>\n<p><strong>N\u00b0 24\u00a0 THREADED BARS M14 (TENSION BAR) FOR TOOL HOLDER (4 <\/strong><\/p>\n<p><strong>\u00a0\u00a0\u00a0\u00a0\u00a0\u00a0\u00a0\u00a0\u00a0\u00a0 X100mm + 4 x 150 mm + 4x 200mm + 4 x 250 mm + 4 x 300 mm + 4 x <\/strong><\/p>\n<p><strong>\u00a0\u00a0\u00a0\u00a0 \u00a0\u00a0\u00a0\u00a0\u00a0\u00a0350 mm)<\/strong><\/p>\n<p><strong>N\u00b0 \u00a0\u00a02 TOOL HOLDER KEYS 8X8X110<\/strong><\/p>\n<p><strong>N\u00b0 \u00a0\u00a01 MICROSPAND (MODULAR DEVICE USED FOR INTERNAL <\/strong><\/p>\n<p><strong>\u00a0\u00a0\u00a0\u00a0\u00a0\u00a0 \u00a0\u00a0\u00a0MEASUREMENTS)<\/strong><\/p>\n<p><strong>n\u00b0 \u00a0\u00a01\u00a0 MICROSPAND EXTENSION 100 mm<\/strong><\/p>\n<p><strong>N\u00b0 \u00a0\u00a01 COMPARATOR\u00a01\/100 <\/strong><\/p>\n<p><strong>N\u00b0 \u00a0\u00a02 COMPARATOR HOLDER 8\/8 \u2013 10\/8 <\/strong><\/p>\n<p><strong>N\u00b0\u00a0\u00a0 1 COMPARATOR\u00a0 EXTENSION<\/strong><\/p>\n<p><strong>N\u00b0 \u00a0\u00a01 WELDING TORCH CABLE WITH EUR-FITTING <\/strong><\/p>\n<p><strong>N\u00b0 \u00a0\u00a01 TORCH SHAFT \u00f8 40 mm Lgth. Tot. 2000 mm<\/strong><\/p>\n<p><strong>N\u00b0 \u00a0\u00a02 ADAPTING BUSHINGS FOR TORCH SHAFT lung. 240 \u2013 lung. 130<\/strong><\/p>\n<p><strong>N\u00b0 \u00a0\u00a03 TORCH-HEADS FOR INTERNAL OVERLAY WELDING C\/W WELDING <\/strong><\/p>\n<p><strong>\u00a0\u00a0 \u00a0\u00a0\u00a0\u00a0\u00a0\u00a0\u00a0\u00a0WIRE NOZZLES AND GAS DIFFUSER (B 125 mm\u00a0 + G 180 mm\u00a0 + I <\/strong><\/p>\n<p><strong>\u00a0\u00a0\u00a0\u00a0\u00a0\u00a0\u00a0\u00a0\u00a0\u00a0 250 mm)<\/strong><\/p>\n<p><strong>N\u00b0 \u00a0\u00a01 TORCH-HEAD FOR EXTERNAL OVERLAY WELDING C\/W WELDING <\/strong><\/p>\n<p><strong>\u00a0\u00a0\u00a0\u00a0\u00a0\u00a0 \u00a0\u00a0\u00a0\u00a0WIRE NOZZLES AND GAS DIFFUSER (A 320 MM), <\/strong><\/p>\n<p><strong>N\u00b0 \u00a0\u00a04 TORCH HEAD EXTENSIONS (D 55 mm + E 45 mm + H 135 mm + L 160 <\/strong><\/p>\n<p><strong>\u00a0\u00a0\u00a0\u00a0\u00a0\u00a0 \u00a0\u00a0\u00a0\u00a0mm)<\/strong><\/p>\n<p><strong>N\u00b0 \u00a0\u00a02 SHORT WELDING WIRE NOZZLES \u00f8 1 mm<\/strong><\/p>\n<p><strong>N\u00b0 \u00a0\u00a06 LONG WELDING WIRE NOZZLES N\u00b0 2 \u2013 \u00f8 0,8 mm; N\u00b0 2 \u2013\u00a0 \u00f8 1 mm; <\/strong><\/p>\n<p><strong>\u00a0\u00a0\u00a0\u00a0\u00a0\u00a0\u00a0\u00a0\u00a0 N\u00b02 \u2013 \u00f8 1,2 mm<\/strong><\/p>\n<p><strong>WRENCHES<\/strong><\/p>\n<p><strong>OPERATION MANUAL<\/strong><\/p>\n","protected":false},"excerpt":{"rendered":"<p>WS 7\u00a0 from \u00d8 400 mm to \u00d8 1200 mm Click here for PDF Specification Sheet &nbsp; IN LINE BORING ALSO IN BLIND HOLES FROM \u00d8 400 MM TO MORE THAN \u00d8 1200 MM INTERNAL WELDING ALSO BLIND HOLES FROM &hellip; <a href=\"https:\/\/dascomachine.com.au\/?page_id=152\">Get more information <span class=\"meta-nav\">&rarr;<\/span><\/a><\/p>\n","protected":false},"author":1,"featured_media":0,"parent":0,"menu_order":0,"comment_status":"open","ping_status":"open","template":"","meta":{"footnotes":""},"class_list":["post-152","page","type-page","status-publish","hentry"],"_links":{"self":[{"href":"https:\/\/dascomachine.com.au\/index.php?rest_route=\/wp\/v2\/pages\/152","targetHints":{"allow":["GET"]}}],"collection":[{"href":"https:\/\/dascomachine.com.au\/index.php?rest_route=\/wp\/v2\/pages"}],"about":[{"href":"https:\/\/dascomachine.com.au\/index.php?rest_route=\/wp\/v2\/types\/page"}],"author":[{"embeddable":true,"href":"https:\/\/dascomachine.com.au\/index.php?rest_route=\/wp\/v2\/users\/1"}],"replies":[{"embeddable":true,"href":"https:\/\/dascomachine.com.au\/index.php?rest_route=%2Fwp%2Fv2%2Fcomments&post=152"}],"version-history":[{"count":5,"href":"https:\/\/dascomachine.com.au\/index.php?rest_route=\/wp\/v2\/pages\/152\/revisions"}],"predecessor-version":[{"id":198,"href":"https:\/\/dascomachine.com.au\/index.php?rest_route=\/wp\/v2\/pages\/152\/revisions\/198"}],"wp:attachment":[{"href":"https:\/\/dascomachine.com.au\/index.php?rest_route=%2Fwp%2Fv2%2Fmedia&parent=152"}],"curies":[{"name":"wp","href":"https:\/\/api.w.org\/{rel}","templated":true}]}}